{"id":5310,"date":"2021-03-20T15:12:51","date_gmt":"2021-03-20T14:12:51","guid":{"rendered":"https:\/\/stallone.ch\/dormire-alla-capanna\/"},"modified":"2025-12-19T12:08:43","modified_gmt":"2025-12-19T11:08:43","slug":"se-loger","status":"publish","type":"page","link":"https:\/\/stallone.ch\/fr\/se-loger\/","title":{"rendered":"DORMIR \u00c0 LA CABANE"},"content":{"rendered":"<div data-colibri-id=\"5310-c1\" class=\"style-584 style-local-5310-c1 position-relative\">\n  <!---->\n  <div data-colibri-component=\"section\" data-colibri-id=\"5310-c2\" id=\"custom\" class=\"h-section h-section-global-spacing d-flex align-items-lg-center align-items-md-center align-items-center style-585 style-local-5310-c2 position-relative\">\n    <!---->\n    <!---->\n    <div class=\"h-section-grid-container h-section-boxed-container\">\n      <!---->\n      <div data-colibri-id=\"5310-c3\" class=\"h-row-container gutters-row-lg-2 gutters-row-md-2 gutters-row-0 gutters-row-v-lg-2 gutters-row-v-md-2 gutters-row-v-2 style-586 style-local-5310-c3 position-relative\">\n        <!---->\n        <div class=\"h-row justify-content-lg-center justify-content-md-center justify-content-center align-items-lg-stretch align-items-md-stretch align-items-stretch gutters-col-lg-2 gutters-col-md-2 gutters-col-0 gutters-col-v-lg-2 gutters-col-v-md-2 gutters-col-v-2\">\n          <!---->\n          <div class=\"h-column h-column-container d-flex h-col-lg-auto h-col-md-auto h-col-auto style-587-outer style-local-5310-c4-outer\">\n            <div data-colibri-id=\"5310-c4\" class=\"d-flex h-flex-basis h-column__inner h-px-lg-2 h-px-md-2 h-px-2 v-inner-lg-2 v-inner-md-2 v-inner-2 style-587 style-local-5310-c4 position-relative\">\n              <!---->\n              <!---->\n              <div class=\"w-100 h-y-container h-column__content h-column__v-align flex-basis-100 align-self-lg-start align-self-md-start align-self-start\">\n                <!---->\n                <div data-colibri-id=\"5310-c5\" class=\"h-text h-text-component style-588 style-local-5310-c5 position-relative h-element\">\n                  <!---->\n                  <!---->\n                  <div class=\"\">\n                    <p>Nous avons <strong>5 chambres<\/strong> familiales ou de groupe confortables, avec un total de <strong>35 lits.<\/strong><\/p>\n                    <p>Toutes les chambres disposent de lits superpos\u00e9s et \u00e9quip\u00e9es d&rsquo;une couette nordique, de linge de lit et d&rsquo;une lampe de lecture.<\/p>\n                    <p>ON VOUS RAPPELLE QU&rsquo;IL EST <strong><em><u>OBLIGATOIRE D&rsquo;APPORTER VOTRE PROPRE SERVIETTE <\/u><\/em><\/strong><\/p>\n                  <\/div>\n                <\/div>\n              <\/div>\n            <\/div>\n          <\/div>\n        <\/div>\n      <\/div>\n    <\/div>\n  <\/div>\n  <div data-colibri-component=\"section\" data-colibri-id=\"5310-c6\" id=\"features\" class=\"h-section h-section-global-spacing d-flex align-items-lg-center align-items-md-center align-items-center style-589 style-local-5310-c6 position-relative\">\n    <!---->\n    <!---->\n    <div class=\"h-section-grid-container h-section-boxed-container\">\n      <div data-colibri-id=\"5310-c41\" class=\"h-row-container gutters-row-lg-2 gutters-row-md-2 gutters-row-2 gutters-row-v-lg-2 gutters-row-v-md-2 gutters-row-v-2 style-605 style-local-5310-c41 position-relative\">\n        <!---->\n        <div class=\"h-row justify-content-lg-center justify-content-md-center justify-content-center align-items-lg-stretch align-items-md-stretch align-items-stretch gutters-col-lg-2 gutters-col-md-2 gutters-col-2 gutters-col-v-lg-2 gutters-col-v-md-2 gutters-col-v-2\">\n          <!---->\n          <div class=\"h-column h-column-container d-flex h-col-lg-auto h-col-md-auto h-col-auto style-606-outer style-local-5310-c42-outer\">\n            <div data-colibri-id=\"5310-c42\" class=\"d-flex h-flex-basis h-column__inner h-px-lg-2 h-px-md-2 h-px-2 v-inner-lg-2 v-inner-md-2 v-inner-2 style-606 style-local-5310-c42 position-relative\">\n              <!---->\n              <!---->\n              <div class=\"w-100 h-y-container h-column__content h-column__v-align flex-basis-100 align-self-lg-start align-self-md-start align-self-start\">\n                <!---->\n                <div data-colibri-id=\"5310-c43\" class=\"h-global-transition-all h-heading style-607 style-local-5310-c43 position-relative h-element\">\n                  <!---->\n                  <div class=\"h-heading__outer style-607 style-local-5310-c43\">\n                    <!---->\n                    <!---->\n                    <h2 class=\"\">NOS OFFRES<\/h2>\n                  <\/div>\n                <\/div>\n                <div data-colibri-id=\"5310-c44\" class=\"h-lead h-text h-text-component style-608 style-local-5310-c44 position-relative h-element\">\n                  <!---->\n                  <!---->\n                  <div class=\"\">\n                    <p>Avec nous, vous pouvez choisir de faire <strong>B&amp;B&nbsp;<\/strong>&nbsp;(nuit et petit-d\u00e9jeuner),<\/p>\n                    <p>ou <strong>demi-pension<\/strong> (nuit, petit-d\u00e9jeuner et d\u00eener)<\/p>\n                    <p>Les <strong>enfants de 4 \u00e0 8 an<\/strong>s b\u00e9n\u00e9ficient d&rsquo;un prix sp\u00e9cial<\/p>\n                  <\/div>\n                <\/div>\n              <\/div>\n            <\/div>\n          <\/div>\n        <\/div>\n      <\/div>\n      <div data-colibri-id=\"5310-c7\" class=\"h-row-container gutters-row-lg-2 gutters-row-md-2 gutters-row-2 gutters-row-v-lg-2 gutters-row-v-md-2 gutters-row-v-2 style-590 style-local-5310-c7 position-relative\">\n        <!---->\n        <div class=\"h-row justify-content-lg-center justify-content-md-center justify-content-center align-items-lg-stretch align-items-md-stretch align-items-stretch gutters-col-lg-2 gutters-col-md-2 gutters-col-2 gutters-col-v-lg-2 gutters-col-v-md-2 gutters-col-v-2\">\n          <!---->\n          <div class=\"h-column h-column-container d-flex h-col-lg-3 h-col-md-6 h-col-12 style-591-outer style-local-5310-c8-outer\">\n            <div data-colibri-id=\"5310-c8\" class=\"d-flex h-flex-basis h-column__inner h-px-lg-0 h-px-md-0 h-px-0 v-inner-lg-0 v-inner-md-0 v-inner-0 style-591 style-local-5310-c8 position-relative\">\n              <!---->\n              <!---->\n              <div class=\"w-100 h-y-container h-column__content h-column__v-align flex-basis-100 align-self-lg-start align-self-md-start align-self-start\">\n                <!---->\n                <div data-colibri-id=\"5310-c9\" class=\"h-row-container gutters-row-lg-0 gutters-row-md-0 gutters-row-0 gutters-row-v-lg-0 gutters-row-v-md-0 gutters-row-v-0 style-592 style-local-5310-c9 position-relative\">\n                  <!---->\n                  <div class=\"h-row justify-content-lg-center justify-content-md-center justify-content-center align-items-lg-stretch align-items-md-stretch align-items-stretch gutters-col-lg-0 gutters-col-md-0 gutters-col-0 gutters-col-v-lg-0 gutters-col-v-md-0 gutters-col-v-0\">\n                    <!---->\n                    <div class=\"h-column h-column-container d-flex h-col-lg-auto h-col-md-auto h-col-auto style-593-outer style-local-5310-c10-outer\">\n                      <div data-colibri-id=\"5310-c10\" class=\"d-flex h-flex-basis h-column__inner h-ui-empty-state-container h-px-lg-0 h-px-md-0 h-px-0 v-inner-lg-0 v-inner-md-0 v-inner-0 style-593 style-local-5310-c10 position-relative\">\n                        <!---->\n                        <!---->\n                        <div class=\"w-100 h-y-container h-column__content h-column__v-align flex-basis-100\">\n                          <!---->\n                        <\/div>\n                      <\/div>\n                    <\/div>\n                    <div class=\"h-column h-column-container d-flex h-col-lg-auto h-col-md-auto h-col-auto style-594-outer style-local-5310-c11-outer\">\n                      <div data-colibri-id=\"5310-c11\" class=\"d-flex h-flex-basis h-column__inner h-px-lg-0 h-px-md-0 h-px-0 v-inner-lg-0 v-inner-md-0 v-inner-0 style-594 style-local-5310-c11 position-relative\">\n                        <!---->\n                        <!---->\n                        <div class=\"w-100 h-y-container h-column__content h-column__v-align flex-basis-100 align-self-lg-start align-self-md-start align-self-start\">\n                          <!---->\n                          <div data-colibri-component=\"content-swap\" data-colibri-id=\"5310-c12\" class=\"content-swap style-595 style-local-5310-c12 position-relative h-element\">\n                            <!---->\n                            <div class=\"d-flex position-relative border-radius-inherit h-content-swap__overflow\">\n                              <div data-normal=\"\" data-colibri-id=\"5310-c13\" class=\"h-content-swap__normal d-flex border-radius-inherit hide-animation style-596 style-local-5310-c13 position-relative\">\n                                <!---->\n                                <div class=\"w-100 h-y-container align-self-lg-center align-self-md-center align-self-center\">\n                                  <!---->\n                                  <div data-colibri-id=\"5310-c14\" class=\"h-global-transition-all h-heading style-597 style-local-5310-c14 position-relative h-element\">\n                                    <!---->\n                                    <div class=\"h-heading__outer style-597 style-local-5310-c14\">\n                                      <!---->\n                                      <!---->\n                                      <h5 class=\"\">B&amp;B:\n                                        <br>50.-<\/h5>\n                                    <\/div>\n                                  <\/div>\n                                  <div data-colibri-id=\"5310-c15\" class=\"h-text h-text-component style-598 style-local-5310-c15 position-relative h-element\">\n                                    <!---->\n                                    <!---->\n                                    <div class=\"\">\n                                      <p>Nuit et petit-d\u00e9j<\/p>\n                                    <\/div>\n                                  <\/div>\n                                <\/div>\n                              <\/div>\n                              <div data-hover=\"\" data-colibri-component=\"link\" data-href=\"\" data-colibri-id=\"5310-c16\" class=\"h-content-swap-hover-container animated h-content-swap__hover d-flex border-radius-inherit zoomIn justify-content-lg-center justify-content-md-center justify-content-center style-599 style-local-5310-c16 position-relative\"\n                                style=\"display: none;\">\n                                <!---->\n                                <div class=\"w-100 h-y-container align-self-lg-center align-self-md-center align-self-center\">\n                                  <!---->\n                                  <div data-colibri-id=\"5310-c17\" class=\"h-x-container style-600 style-local-5310-c17 position-relative h-element\">\n                                    <!---->\n                                    <div class=\"h-x-container-inner style-dynamic-5310-c17-group style-600-spacing style-local-5310-c17-spacing\"><span class=\"h-button__outer style-601-outer style-local-5310-c18-outer d-inline-flex h-element\"><a h-use-smooth-scroll=\"true\" href=\"mailto:capanna@stallone.ch\"  data-colibri-id=\"5310-c18\" class=\"d-flex w-100 align-items-center h-button justify-content-lg-center justify-content-md-center justify-content-center style-601 style-local-5310-c18 position-relative\"><!----><!----> <span>nous \u00e9crire<\/span><\/a>\n                                      <\/span>\n                                    <\/div>\n                                  <\/div>\n                                <\/div>\n                              <\/div>\n                            <\/div>\n                          <\/div>\n                        <\/div>\n                      <\/div>\n                    <\/div>\n                  <\/div>\n                <\/div>\n              <\/div>\n            <\/div>\n          <\/div>\n          <div class=\"h-column h-column-container d-flex h-col-lg-3 h-col-md-6 h-col-12 style-591-outer style-local-5310-c19-outer\">\n            <div data-colibri-id=\"5310-c19\" class=\"d-flex h-flex-basis h-column__inner h-px-lg-0 h-px-md-0 h-px-0 v-inner-lg-0 v-inner-md-0 v-inner-0 style-591 style-local-5310-c19 position-relative\">\n              <!---->\n              <!---->\n              <div class=\"w-100 h-y-container h-column__content h-column__v-align flex-basis-100 align-self-lg-start align-self-md-start align-self-start\">\n                <!---->\n                <div data-colibri-id=\"5310-c20\" class=\"h-row-container gutters-row-lg-0 gutters-row-md-0 gutters-row-0 gutters-row-v-lg-0 gutters-row-v-md-0 gutters-row-v-0 style-592 style-local-5310-c20 position-relative\">\n                  <!---->\n                  <div class=\"h-row justify-content-lg-center justify-content-md-center justify-content-center align-items-lg-stretch align-items-md-stretch align-items-stretch gutters-col-lg-0 gutters-col-md-0 gutters-col-0 gutters-col-v-lg-0 gutters-col-v-md-0 gutters-col-v-0\">\n                    <!---->\n                    <div class=\"h-column h-column-container d-flex h-col-lg-auto h-col-md-auto h-col-auto style-602-outer style-local-5310-c21-outer\">\n                      <div data-colibri-id=\"5310-c21\" class=\"d-flex h-flex-basis h-column__inner h-ui-empty-state-container h-px-lg-0 h-px-md-0 h-px-0 v-inner-lg-0 v-inner-md-0 v-inner-0 style-602 style-local-5310-c21 position-relative\">\n                        <!---->\n                        <!---->\n                        <div class=\"w-100 h-y-container h-column__content h-column__v-align flex-basis-100\">\n                          <!---->\n                        <\/div>\n                      <\/div>\n                    <\/div>\n                    <div class=\"h-column h-column-container d-flex h-col-lg-auto h-col-md-auto h-col-auto style-594-outer style-local-5310-c22-outer\">\n                      <div data-colibri-id=\"5310-c22\" class=\"d-flex h-flex-basis h-column__inner h-px-lg-0 h-px-md-0 h-px-0 v-inner-lg-0 v-inner-md-0 v-inner-0 style-594 style-local-5310-c22 position-relative\">\n                        <!---->\n                        <!---->\n                        <div class=\"w-100 h-y-container h-column__content h-column__v-align flex-basis-100 align-self-lg-start align-self-md-start align-self-start\">\n                          <!---->\n                          <div data-colibri-component=\"content-swap\" data-colibri-id=\"5310-c23\" class=\"content-swap style-595 style-local-5310-c23 position-relative h-element\">\n                            <!---->\n                            <div class=\"d-flex position-relative border-radius-inherit h-content-swap__overflow\">\n                              <div data-normal=\"\" data-colibri-id=\"5310-c24\" class=\"h-content-swap__normal d-flex border-radius-inherit hide-animation style-596 style-local-5310-c24 position-relative\">\n                                <!---->\n                                <div class=\"w-100 h-y-container align-self-lg-center align-self-md-center align-self-center\">\n                                  <!---->\n                                  <div data-colibri-id=\"5310-c25\" class=\"h-global-transition-all h-heading style-597 style-local-5310-c25 position-relative h-element\">\n                                    <!---->\n                                    <div class=\"h-heading__outer style-597 style-local-5310-c25\">\n                                      <!---->\n                                      <!---->\n                                      <h5 class=\"\">DEMI PENSION\n                                        <br>75.-<\/h5>\n                                    <\/div>\n                                  <\/div>\n                                  <div data-colibri-id=\"5310-c26\" class=\"h-text h-text-component style-598 style-local-5310-c26 position-relative h-element\">\n                                    <!---->\n                                    <!---->\n                                    <div class=\"\">\n                                      <p>B&amp;B e d\u00eener<\/p>\n                                    <\/div>\n                                  <\/div>\n                                <\/div>\n                              <\/div>\n                              <div data-hover=\"\" data-colibri-component=\"link\" data-href=\"\" data-colibri-id=\"5310-c27\" class=\"h-content-swap-hover-container animated h-content-swap__hover d-flex border-radius-inherit zoomIn justify-content-lg-center justify-content-md-center justify-content-center style-599 style-local-5310-c27 position-relative\"\n                                style=\"display: none;\">\n                                <!---->\n                                <div class=\"w-100 h-y-container align-self-lg-center align-self-md-center align-self-center\">\n                                  <!---->\n                                  <div data-colibri-id=\"5310-c28\" class=\"h-x-container style-600 style-local-5310-c28 position-relative h-element\">\n                                    <!---->\n                                    <div class=\"h-x-container-inner style-dynamic-5310-c28-group style-600-spacing style-local-5310-c28-spacing\"><span class=\"h-button__outer style-601-outer style-local-5310-c29-outer d-inline-flex h-element\"><a h-use-smooth-scroll=\"true\" href=\"mailto:capanna@stallone.ch\"  data-colibri-id=\"5310-c29\" class=\"d-flex w-100 align-items-center h-button justify-content-lg-center justify-content-md-center justify-content-center style-601 style-local-5310-c29 position-relative\"><!----><!----> <span>nous \u00e9crire<\/span><\/a>\n                                      <\/span>\n                                    <\/div>\n                                  <\/div>\n                                <\/div>\n                              <\/div>\n                            <\/div>\n                          <\/div>\n                        <\/div>\n                      <\/div>\n                    <\/div>\n                  <\/div>\n                <\/div>\n              <\/div>\n            <\/div>\n          <\/div>\n          <div class=\"h-column h-column-container d-flex h-col-lg-3 h-col-md-6 h-col-12 style-591-outer style-local-5310-c30-outer\">\n            <div data-colibri-id=\"5310-c30\" class=\"d-flex h-flex-basis h-column__inner h-px-lg-0 h-px-md-0 h-px-0 v-inner-lg-0 v-inner-md-0 v-inner-0 style-591 style-local-5310-c30 position-relative\">\n              <!---->\n              <!---->\n              <div class=\"w-100 h-y-container h-column__content h-column__v-align flex-basis-100 align-self-lg-start align-self-md-start align-self-start\">\n                <!---->\n                <div data-colibri-id=\"5310-c31\" class=\"h-row-container gutters-row-lg-0 gutters-row-md-0 gutters-row-0 gutters-row-v-lg-0 gutters-row-v-md-0 gutters-row-v-0 style-592 style-local-5310-c31 position-relative\">\n                  <!---->\n                  <div class=\"h-row justify-content-lg-center justify-content-md-center justify-content-center align-items-lg-stretch align-items-md-stretch align-items-stretch gutters-col-lg-0 gutters-col-md-0 gutters-col-0 gutters-col-v-lg-0 gutters-col-v-md-0 gutters-col-v-0\">\n                    <!---->\n                    <div class=\"h-column h-column-container d-flex h-col-lg-auto h-col-md-auto h-col-auto style-603-outer style-local-5310-c32-outer\">\n                      <div data-colibri-id=\"5310-c32\" class=\"d-flex h-flex-basis h-column__inner h-ui-empty-state-container h-px-lg-0 h-px-md-0 h-px-0 v-inner-lg-0 v-inner-md-0 v-inner-0 style-603 style-local-5310-c32 position-relative\">\n                        <!---->\n                        <!---->\n                        <div class=\"w-100 h-y-container h-column__content h-column__v-align flex-basis-100\">\n                          <!---->\n                        <\/div>\n                      <\/div>\n                    <\/div>\n                    <div class=\"h-column h-column-container d-flex h-col-lg-auto h-col-md-auto h-col-auto style-594-outer style-local-5310-c33-outer\">\n                      <div data-colibri-id=\"5310-c33\" class=\"d-flex h-flex-basis h-column__inner h-px-lg-0 h-px-md-0 h-px-0 v-inner-lg-0 v-inner-md-0 v-inner-0 style-594 style-local-5310-c33 position-relative\">\n                        <!---->\n                        <!---->\n                        <div class=\"w-100 h-y-container h-column__content h-column__v-align flex-basis-100 align-self-lg-start align-self-md-start align-self-start\">\n                          <!---->\n                          <div data-colibri-component=\"content-swap\" data-colibri-id=\"5310-c34\" class=\"content-swap style-595 style-local-5310-c34 position-relative h-element\">\n                            <!---->\n                            <div class=\"d-flex position-relative border-radius-inherit h-content-swap__overflow\">\n                              <div data-normal=\"\" data-colibri-id=\"5310-c35\" class=\"h-content-swap__normal d-flex border-radius-inherit hide-animation style-596 style-local-5310-c35 position-relative\">\n                                <!---->\n                                <div class=\"w-100 h-y-container align-self-lg-center align-self-md-center align-self-center\">\n                                  <!---->\n                                  <div data-colibri-id=\"5310-c36\" class=\"h-global-transition-all h-heading style-597 style-local-5310-c36 position-relative h-element\">\n                                    <!---->\n                                    <div class=\"h-heading__outer style-597 style-local-5310-c36\">\n                                      <!---->\n                                      <!---->\n                                      <h5 class=\"\">1\/2 ENFANTS:\n                                        <br>50.-<\/h5>\n                                    <\/div>\n                                  <\/div>\n                                  <div data-colibri-id=\"5310-c37\" class=\"h-text h-text-component style-598 style-local-5310-c37 position-relative h-element\">\n                                    <!---->\n                                    <!---->\n                                    <div class=\"\">\n                                      <p><span style=\"font-size: 16px; font-family: &quot;Open Sans&quot;; color: rgb(85, 119, 173);\">B&amp;B e d\u00eener<\/span><\/p>\n                                    <\/div>\n                                  <\/div>\n                                <\/div>\n                              <\/div>\n                              <div data-hover=\"\" data-colibri-component=\"link\" data-href=\"\" data-colibri-id=\"5310-c38\" class=\"h-content-swap-hover-container animated h-content-swap__hover d-flex border-radius-inherit zoomIn justify-content-lg-center justify-content-md-center justify-content-center style-599 style-local-5310-c38 position-relative\"\n                                style=\"display: none;\">\n                                <!---->\n                                <div class=\"w-100 h-y-container align-self-lg-center align-self-md-center align-self-center\">\n                                  <!---->\n                                  <div data-colibri-id=\"5310-c39\" class=\"h-x-container style-600 style-local-5310-c39 position-relative h-element\">\n                                    <!---->\n                                    <div class=\"h-x-container-inner style-dynamic-5310-c39-group style-600-spacing style-local-5310-c39-spacing\"><span class=\"h-button__outer style-601-outer style-local-5310-c40-outer d-inline-flex h-element\"><a h-use-smooth-scroll=\"true\" href=\"mailto:capanna@stallone.ch\"  data-colibri-id=\"5310-c40\" class=\"d-flex w-100 align-items-center h-button justify-content-lg-center justify-content-md-center justify-content-center style-601 style-local-5310-c40 position-relative\"><!----><!----> <span>nous \u00e9crire<\/span><\/a>\n                                      <\/span>\n                                    <\/div>\n                                  <\/div>\n                                <\/div>\n                              <\/div>\n                            <\/div>\n                          <\/div>\n                        <\/div>\n                      <\/div>\n                    <\/div>\n                  <\/div>\n                <\/div>\n              <\/div>\n            <\/div>\n          <\/div>\n        <\/div>\n      <\/div>\n    <\/div>\n  <\/div>\n<\/div>","protected":false},"excerpt":{"rendered":"<p>Nous avons 5 chambres familiales ou de groupe confortables, avec un total de 35 lits. Toutes les chambres disposent de lits superpos\u00e9s et \u00e9quip\u00e9es d&rsquo;une couette nordique, de linge de [&hellip;]<\/p>\n","protected":false},"author":2,"featured_media":4972,"parent":0,"menu_order":0,"comment_status":"closed","ping_status":"closed","template":"page-templates\/full-width-page.php","meta":{"_monsterinsights_skip_tracking":false,"_monsterinsights_sitenote_active":false,"_monsterinsights_sitenote_note":"","_monsterinsights_sitenote_category":0},"_links":{"self":[{"href":"https:\/\/stallone.ch\/fr\/wp-json\/wp\/v2\/pages\/5310"}],"collection":[{"href":"https:\/\/stallone.ch\/fr\/wp-json\/wp\/v2\/pages"}],"about":[{"href":"https:\/\/stallone.ch\/fr\/wp-json\/wp\/v2\/types\/page"}],"author":[{"embeddable":true,"href":"https:\/\/stallone.ch\/fr\/wp-json\/wp\/v2\/users\/2"}],"replies":[{"embeddable":true,"href":"https:\/\/stallone.ch\/fr\/wp-json\/wp\/v2\/comments?post=5310"}],"version-history":[{"count":7,"href":"https:\/\/stallone.ch\/fr\/wp-json\/wp\/v2\/pages\/5310\/revisions"}],"predecessor-version":[{"id":8367,"href":"https:\/\/stallone.ch\/fr\/wp-json\/wp\/v2\/pages\/5310\/revisions\/8367"}],"wp:featuredmedia":[{"embeddable":true,"href":"https:\/\/stallone.ch\/fr\/wp-json\/wp\/v2\/media\/4972"}],"wp:attachment":[{"href":"https:\/\/stallone.ch\/fr\/wp-json\/wp\/v2\/media?parent=5310"}],"curies":[{"name":"wp","href":"https:\/\/api.w.org\/{rel}","templated":true}]}}