{"id":5211,"date":"2021-03-20T14:37:30","date_gmt":"2021-03-20T13:37:30","guid":{"rendered":"https:\/\/stallone.ch\/la-nostra-cucina\/"},"modified":"2023-04-12T09:50:50","modified_gmt":"2023-04-12T07:50:50","slug":"unsere-kueche","status":"publish","type":"page","link":"https:\/\/stallone.ch\/de\/unsere-kueche\/","title":{"rendered":"UNSERE K\u00dcCHE"},"content":{"rendered":"<div data-colibri-id=\"5211-c1\" class=\"style-443 style-local-5211-c1 position-relative\">\n  <!---->\n  <div data-colibri-component=\"section\" data-colibri-id=\"5211-c2\" id=\"custom-2\" class=\"h-section h-section-global-spacing d-flex align-items-lg-center align-items-md-center align-items-center style-550 style-local-5211-c2 position-relative\">\n    <!---->\n    <!---->\n    <div class=\"h-section-grid-container h-section-boxed-container\">\n      <!---->\n      <div data-colibri-id=\"5211-c3\" class=\"h-row-container gutters-row-lg-2 gutters-row-md-2 gutters-row-0 gutters-row-v-lg-2 gutters-row-v-md-2 gutters-row-v-2 style-551 style-local-5211-c3 position-relative\">\n        <!---->\n        <div class=\"h-row justify-content-lg-center justify-content-md-center justify-content-center align-items-lg-stretch align-items-md-stretch align-items-stretch gutters-col-lg-2 gutters-col-md-2 gutters-col-0 gutters-col-v-lg-2 gutters-col-v-md-2 gutters-col-v-2\">\n          <!---->\n          <div class=\"h-column h-column-container d-flex h-col-lg-auto h-col-md-auto h-col-auto style-553-outer style-local-5211-c4-outer\">\n            <div data-colibri-id=\"5211-c4\" class=\"d-flex h-flex-basis h-column__inner h-px-lg-2 h-px-md-2 h-px-2 v-inner-lg-2 v-inner-md-2 v-inner-2 style-553 style-local-5211-c4 position-relative\">\n              <!---->\n              <!---->\n              <div class=\"w-100 h-y-container h-column__content h-column__v-align flex-basis-100 align-self-lg-start align-self-md-start align-self-start\">\n                <!---->\n                <div data-colibri-id=\"5211-c5\" class=\"h-text h-text-component style-554 style-local-5211-c5 position-relative h-element\">\n                  <!---->\n                  <!---->\n                  <div class=\"\">\n                    <p>Unsere Spezialit\u00e4t ist&nbsp;<strong>Polenta, die auf einem Holzfeuer gekocht<\/strong>&nbsp;wird und mit exzellentem Fleisch oder \u00fcberbacken mit Eiern, BergK\u00e4se oder Gorgonzola genossen werden kann.<\/p>\n                    <p>Wir haben auch eine gro\u00dfe Auswahl an lokalen Produkten, von Wurstwaren bis zu K\u00e4se von unseren Bergwiesen.<\/p>\n                    <p>Auf Anfrage organisieren wir&nbsp;<strong>spezielle Men\u00fcs f\u00fcr Ihre Veranstaltungen<\/strong>&nbsp;(Geburtstage, Hochzeiten, Gruppenmittag- oder Abendessen).<\/p>\n                  <\/div>\n                <\/div>\n              <\/div>\n            <\/div>\n          <\/div>\n        <\/div>\n      <\/div>\n      <div data-colibri-id=\"5211-c6\" class=\"h-row-container gutters-row-lg-2 gutters-row-md-2 gutters-row-0 gutters-row-v-lg-2 gutters-row-v-md-2 gutters-row-v-2 style-555 style-local-5211-c6 position-relative\">\n        <!---->\n        <div class=\"h-row justify-content-lg-center justify-content-md-center justify-content-center align-items-lg-stretch align-items-md-stretch align-items-stretch gutters-col-lg-2 gutters-col-md-2 gutters-col-0 gutters-col-v-lg-2 gutters-col-v-md-2 gutters-col-v-2\">\n          <!---->\n          <div class=\"h-column h-column-container d-flex h-col-lg-auto h-col-md-auto h-col-auto style-556-outer style-local-5211-c7-outer\">\n            <div data-colibri-id=\"5211-c7\" class=\"d-flex h-flex-basis h-column__inner h-px-lg-2 h-px-md-2 h-px-2 v-inner-lg-2 v-inner-md-2 v-inner-2 style-556 style-local-5211-c7 position-relative\">\n              <!---->\n              <!---->\n              <div class=\"w-100 h-y-container h-column__content h-column__v-align flex-basis-100 align-self-lg-start align-self-md-start align-self-start\">\n                <!---->\n                <div data-colibri-id=\"5211-c8\" class=\"h-text h-text-component style-558 style-local-5211-c8 position-relative h-element\">\n                  <!---->\n                  <!---->\n                  <div class=\"\">\n                    <p><span style=\"font-size: 16px; font-family: &quot;Open Sans&quot;; color: rgb(70, 112, 127);\">Schauen Sie sich unser Men\u00fc an:<\/span><\/p>\n                  <\/div>\n                <\/div>\n              <\/div>\n            <\/div>\n          <\/div>\n        <\/div>\n      <\/div>\n      <div data-colibri-id=\"5211-c9\" class=\"h-row-container gutters-row-lg-2 gutters-row-md-2 gutters-row-0 gutters-row-v-lg-2 gutters-row-v-md-2 gutters-row-v-2 style-562 style-local-5211-c9 position-relative\">\n        <!---->\n        <div class=\"h-row justify-content-lg-center justify-content-md-center justify-content-center align-items-lg-stretch align-items-md-stretch align-items-stretch gutters-col-lg-2 gutters-col-md-2 gutters-col-0 gutters-col-v-lg-2 gutters-col-v-md-2 gutters-col-v-2\">\n          <!---->\n          <div class=\"h-column h-column-container d-flex h-col-lg-auto h-col-md-auto h-col-auto style-563-outer style-local-5211-c10-outer\">\n            <div data-colibri-id=\"5211-c10\" class=\"d-flex h-flex-basis h-column__inner h-px-lg-2 h-px-md-2 h-px-2 v-inner-lg-2 v-inner-md-2 v-inner-2 style-563 style-local-5211-c10 position-relative\">\n              <!---->\n              <!---->\n              <div class=\"w-100 h-y-container h-column__content h-column__v-align flex-basis-100 align-self-lg-start align-self-md-start align-self-start\">\n                <!---->\n                <div data-colibri-id=\"5211-c11\" class=\"d-block style-565 style-local-5211-c11 position-relative h-element\">\n                  <!---->\n                  <div class=\"h-image__frame-container-outer\">\n                    <a href=\"https:\/\/stallone.ch\/wp-content\/uploads\/2023\/04\/MENUWEB.pdf\" h-use-smooth-scroll=\"true\" class=\"image-link\">\n                      <div class=\"h-image__frame-container\">\n                        <!---->\n                        <!---->\n                        <img loading=\"lazy\" width=\"250\" height=\"250\" src=\"https:\/\/stallone.ch\/wp-content\/uploads\/2021\/03\/cropped-cropped-Stallone-logo-1-e1616247861559.jpg\" class=\"wp-image-5197 style-565-image style-local-5211-c11-image\" srcset=\"https:\/\/stallone.ch\/wp-content\/uploads\/2021\/03\/cropped-cropped-Stallone-logo-1-e1616247861559.jpg 250w, https:\/\/stallone.ch\/wp-content\/uploads\/2021\/03\/cropped-cropped-Stallone-logo-1-e1616247861559-150x150.jpg 150w\" sizes=\"(max-width: 250px) 100vw, 250px\" alt=\"\" \/>\n                        <div class=\"h-image__frame h-hide-lg h-hide-md h-hide-sm style-565-frameImage style-local-5211-c11-frameImage\"><\/div>\n                      <\/div>\n                    <\/a>\n                  <\/div>\n                <\/div>\n              <\/div>\n            <\/div>\n          <\/div>\n        <\/div>\n      <\/div>\n    <\/div>\n  <\/div>\n  <div data-colibri-component=\"section\" data-colibri-id=\"5211-c12\" id=\"custom\" class=\"h-section h-section-global-spacing d-flex align-items-lg-center align-items-md-center align-items-center style-448 style-local-5211-c12 position-relative\">\n    <!---->\n    <!---->\n    <div class=\"h-section-grid-container h-section-boxed-container\">\n      <!---->\n      <div data-colibri-id=\"5211-c13\" class=\"h-row-container gutters-row-lg-2 gutters-row-md-2 gutters-row-0 gutters-row-v-lg-2 gutters-row-v-md-2 gutters-row-v-2 style-449 style-local-5211-c13 position-relative\">\n        <!---->\n        <div class=\"h-row justify-content-lg-center justify-content-md-center justify-content-center align-items-lg-stretch align-items-md-stretch align-items-stretch gutters-col-lg-2 gutters-col-md-2 gutters-col-0 gutters-col-v-lg-2 gutters-col-v-md-2 gutters-col-v-2\">\n          <!---->\n          <div class=\"h-column h-column-container d-flex h-col-lg-auto h-col-md-auto h-col-auto style-450-outer style-local-5211-c14-outer\">\n            <div data-colibri-id=\"5211-c14\" class=\"d-flex h-flex-basis h-column__inner h-px-lg-2 h-px-md-2 h-px-2 v-inner-lg-2 v-inner-md-2 v-inner-2 style-450 style-local-5211-c14 position-relative\">\n              <!---->\n              <!---->\n              <div class=\"w-100 h-y-container h-column__content h-column__v-align flex-basis-100 align-self-lg-start align-self-md-start align-self-start\">\n                <!---->\n                <div data-colibri-component=\"slider\" data-colibri-id=\"5211-c15\" class=\"h-slider d-flex style-451 style-local-5211-c15 position-relative\">\n                  <!---->\n                  <div class=\"swiper-container h-row-container gutters-row-lg-0 gutters-row-md-0 gutters-row-0 gutters-row-v-lg-0 gutters-row-v-md-0 gutters-row-v-0 h-overflow-hidden\">\n                    <div class=\"swiper-wrapper h-row justify-content-lg-start justify-content-md-start justify-content-start align-items-lg-stretch align-items-md-stretch align-items-stretch gutters-col-lg-0 gutters-col-md-0 gutters-col-0 gutters-col-v-lg-0 gutters-col-v-md-0 gutters-col-v-0\">\n                      <div data-colibri-component=\"link\" data-href=\"\" class=\"h-slider-item swiper-slide h-column h-column-container d-flex h-col-auto style-452-outer style-local-5211-c16-outer\">\n                        <div data-colibri-id=\"5211-c16\" class=\"w-100 h-swiper-item__inner d-flex h-flex-basis h-HopSliderItem__inner h-ui-empty-state-container h-px-lg-3 h-px-md-3 h-px-3 v-inner-lg-3 v-inner-md-3 v-inner-3 style-451-images style-local-5211-c15-images style-452 style-local-5211-c16 position-relative\">\n                          <div class=\"background-wrapper\">\n                            <div class=\"background-layer background-layer-media-container-lg\">\n                              <div data-enabled=\"false\" data-colibri-component=\"parallax\" class=\"background-layer\" model-id=\"5211-c16\" media=\"desktop\" is-preview=\"true\" style=\"background-position: center center; background-size: cover; background-image: url(&quot;https:\/\/stallone.ch\/wp-content\/uploads\/2021\/03\/cropped-IMG_3644-scaled-1.jpg&quot;); background-attachment: scroll; background-repeat: no-repeat;\"><\/div>\n                            <\/div>\n                            <div class=\"background-layer background-layer-media-container-md\">\n                              <div data-enabled=\"false\" data-colibri-component=\"parallax\" class=\"background-layer\" model-id=\"5211-c16\" media=\"tablet\" is-preview=\"true\" style=\"background-position: center center; background-size: cover; background-image: url(&quot;https:\/\/stallone.ch\/wp-content\/uploads\/2021\/03\/cropped-IMG_3644-scaled-1.jpg&quot;); background-attachment: scroll; background-repeat: no-repeat;\"><\/div>\n                            <\/div>\n                            <div class=\"background-layer background-layer-media-container\">\n                              <div data-enabled=\"false\" data-colibri-component=\"parallax\" class=\"background-layer\" model-id=\"5211-c16\" media=\"mobile\" is-preview=\"true\" style=\"background-position: center center; background-size: cover; background-image: url(&quot;https:\/\/stallone.ch\/wp-content\/uploads\/2021\/03\/cropped-IMG_3644-scaled-1.jpg&quot;); background-attachment: scroll; background-repeat: no-repeat;\"><\/div>\n                            <\/div>\n                          <\/div>\n                          <div class=\"w-100 h-100 d-flex justify-content-lg-center justify-content-md-center justify-content-center align-items-lg-center align-items-md-center align-items-center\">\n                            <div class=\"w-100 h-y-container h-column__content h-column__v-align flex-basis-100 h-slider-item-content-wrapper\">\n                              <!---->\n                            <\/div>\n                          <\/div>\n                        <\/div>\n                      <\/div>\n                      <div data-colibri-component=\"link\" data-href=\"\" class=\"h-slider-item swiper-slide h-column h-column-container d-flex h-col-auto style-457-outer style-local-5211-c17-outer\">\n                        <div data-colibri-id=\"5211-c17\" class=\"w-100 h-swiper-item__inner d-flex h-flex-basis h-HopSliderItem__inner h-ui-empty-state-container h-px-lg-3 h-px-md-3 h-px-3 v-inner-lg-3 v-inner-md-3 v-inner-3 style-451-images style-local-5211-c15-images style-457 style-local-5211-c17 position-relative\">\n                          <div class=\"background-wrapper\">\n                            <div class=\"background-layer background-layer-media-container-lg\">\n                              <div data-enabled=\"false\" data-colibri-component=\"parallax\" class=\"background-layer\" model-id=\"5211-c17\" media=\"desktop\" is-preview=\"true\" style=\"background-position: center center; background-size: cover; background-image: url(&quot;https:\/\/stallone.ch\/wp-content\/uploads\/2021\/03\/cropped-cropped-IMG_3756-scaled-1.jpg&quot;); background-attachment: scroll; background-repeat: no-repeat;\"><\/div>\n                            <\/div>\n                            <div class=\"background-layer background-layer-media-container-md\">\n                              <div data-enabled=\"false\" data-colibri-component=\"parallax\" class=\"background-layer\" model-id=\"5211-c17\" media=\"tablet\" is-preview=\"true\" style=\"background-position: center center; background-size: cover; background-image: url(&quot;https:\/\/stallone.ch\/wp-content\/uploads\/2021\/03\/cropped-cropped-IMG_3756-scaled-1.jpg&quot;); background-attachment: scroll; background-repeat: no-repeat;\"><\/div>\n                            <\/div>\n                            <div class=\"background-layer background-layer-media-container\">\n                              <div data-enabled=\"false\" data-colibri-component=\"parallax\" class=\"background-layer\" model-id=\"5211-c17\" media=\"mobile\" is-preview=\"true\" style=\"background-position: center center; background-size: cover; background-image: url(&quot;https:\/\/stallone.ch\/wp-content\/uploads\/2021\/03\/cropped-cropped-IMG_3756-scaled-1.jpg&quot;); background-attachment: scroll; background-repeat: no-repeat;\"><\/div>\n                            <\/div>\n                          <\/div>\n                          <div class=\"w-100 h-100 d-flex justify-content-lg-center justify-content-md-center justify-content-center align-items-lg-center align-items-md-center align-items-center\">\n                            <div class=\"w-100 h-y-container h-column__content h-column__v-align flex-basis-100 h-slider-item-content-wrapper\">\n                              <!---->\n                            <\/div>\n                          <\/div>\n                        <\/div>\n                      <\/div>\n                      <div data-colibri-component=\"link\" data-href=\"\" class=\"h-slider-item swiper-slide h-column h-column-container d-flex h-col-auto style-462-outer style-local-5211-c18-outer\">\n                        <div data-colibri-id=\"5211-c18\" class=\"w-100 h-swiper-item__inner d-flex h-flex-basis h-HopSliderItem__inner h-ui-empty-state-container h-px-lg-3 h-px-md-3 h-px-3 v-inner-lg-3 v-inner-md-3 v-inner-3 style-451-images style-local-5211-c15-images style-462 style-local-5211-c18 position-relative\">\n                          <div class=\"background-wrapper\">\n                            <div class=\"background-layer background-layer-media-container-lg\">\n                              <div data-enabled=\"false\" data-colibri-component=\"parallax\" class=\"background-layer\" model-id=\"5211-c18\" media=\"desktop\" is-preview=\"true\" style=\"background-position: center center; background-size: cover; background-image: url(&quot;https:\/\/stallone.ch\/wp-content\/uploads\/2018\/09\/cropped-polenta.jpg&quot;); background-attachment: scroll; background-repeat: no-repeat;\"><\/div>\n                            <\/div>\n                            <div class=\"background-layer background-layer-media-container-md\">\n                              <div data-enabled=\"false\" data-colibri-component=\"parallax\" class=\"background-layer\" model-id=\"5211-c18\" media=\"tablet\" is-preview=\"true\" style=\"background-position: center center; background-size: cover; background-image: url(&quot;https:\/\/stallone.ch\/wp-content\/uploads\/2018\/09\/cropped-polenta.jpg&quot;); background-attachment: scroll; background-repeat: no-repeat;\"><\/div>\n                            <\/div>\n                            <div class=\"background-layer background-layer-media-container\">\n                              <div data-enabled=\"false\" data-colibri-component=\"parallax\" class=\"background-layer\" model-id=\"5211-c18\" media=\"mobile\" is-preview=\"true\" style=\"background-position: center center; background-size: cover; background-image: url(&quot;https:\/\/stallone.ch\/wp-content\/uploads\/2018\/09\/cropped-polenta.jpg&quot;); background-attachment: scroll; background-repeat: no-repeat;\"><\/div>\n                            <\/div>\n                          <\/div>\n                          <div class=\"w-100 h-100 d-flex justify-content-lg-center justify-content-md-center justify-content-center align-items-lg-center align-items-md-center align-items-center\">\n                            <div class=\"w-100 h-y-container h-column__content h-column__v-align flex-basis-100 h-slider-item-content-wrapper\">\n                              <!---->\n                            <\/div>\n                          <\/div>\n                        <\/div>\n                      <\/div>\n                      <div data-colibri-component=\"link\" data-href=\"\" class=\"h-slider-item swiper-slide h-column h-column-container d-flex h-col-auto style-471-outer style-local-5211-c19-outer\">\n                        <div data-colibri-id=\"5211-c19\" class=\"w-100 h-swiper-item__inner d-flex h-flex-basis h-HopSliderItem__inner h-ui-empty-state-container h-px-lg-3 h-px-md-3 h-px-3 v-inner-lg-3 v-inner-md-3 v-inner-3 style-451-images style-local-5211-c15-images style-471 style-local-5211-c19 position-relative\">\n                          <div class=\"background-wrapper\">\n                            <div class=\"background-layer background-layer-media-container-lg\">\n                              <div data-enabled=\"false\" data-colibri-component=\"parallax\" class=\"background-layer\" model-id=\"5211-c19\" media=\"desktop\" is-preview=\"true\" style=\"background-position: center center; background-size: cover; background-image: url(&quot;https:\/\/stallone.ch\/wp-content\/uploads\/2021\/03\/cropped-c74e7b8e-49b4-450d-9d6b-f5af857f14c3.jpg&quot;); background-attachment: scroll; background-repeat: no-repeat;\"><\/div>\n                            <\/div>\n                            <div class=\"background-layer background-layer-media-container-md\">\n                              <div data-enabled=\"false\" data-colibri-component=\"parallax\" class=\"background-layer\" model-id=\"5211-c19\" media=\"tablet\" is-preview=\"true\" style=\"background-position: center center; background-size: cover; background-image: url(&quot;https:\/\/stallone.ch\/wp-content\/uploads\/2021\/03\/cropped-c74e7b8e-49b4-450d-9d6b-f5af857f14c3.jpg&quot;); background-attachment: scroll; background-repeat: no-repeat;\"><\/div>\n                            <\/div>\n                            <div class=\"background-layer background-layer-media-container\">\n                              <div data-enabled=\"false\" data-colibri-component=\"parallax\" class=\"background-layer\" model-id=\"5211-c19\" media=\"mobile\" is-preview=\"true\" style=\"background-position: center center; background-size: cover; background-image: url(&quot;https:\/\/stallone.ch\/wp-content\/uploads\/2021\/03\/cropped-c74e7b8e-49b4-450d-9d6b-f5af857f14c3.jpg&quot;); background-attachment: scroll; background-repeat: no-repeat;\"><\/div>\n                            <\/div>\n                          <\/div>\n                          <div class=\"w-100 h-100 d-flex justify-content-lg-center justify-content-md-center justify-content-center align-items-lg-center align-items-md-center align-items-center\">\n                            <div class=\"w-100 h-y-container h-column__content h-column__v-align flex-basis-100 h-slider-item-content-wrapper\">\n                              <!---->\n                            <\/div>\n                          <\/div>\n                        <\/div>\n                      <\/div>\n                    <\/div>\n                    <div class=\"resize-triggers\">\n                      <div class=\"expand-trigger\">\n                        <div style=\"width: 1px; height: 1px;\"><\/div>\n                      <\/div>\n                      <div class=\"contract-trigger\"><\/div>\n                    <\/div>\n                  <\/div>\n                  <div class=\"h-swiper-dots__outer justify-content-lg-center justify-content-md-center justify-content-center align-items-lg-end align-items-md-end align-items-end style-479-positionWrapper style-local-5211-c20-positionWrapper h-element\">\n                    <div data-colibri-id=\"5211-c20\" class=\"h-swiper-dots__wrapper style-479 style-local-5211-c20 position-relative\">\n                      <!---->\n                      <div id=\"swiper-pagination__5211-c15\" class=\"h-swiper-dots swiper-pagination d-flex swiper-pagination-clickable swiper-pagination-bullets\"><\/div>\n                      <div><\/div>\n                    <\/div>\n                  <\/div>\n                  <div data-colibri-id=\"5211-c21\" class=\"h-swiper-arrow__outer justify-content-lg-start justify-content-md-start justify-content-start align-items-lg-center align-items-md-center align-items-center style-480 style-local-5211-c21 position-relative h-element\">\n                    <!---->\n                    <div id=\"swiper-arrow__5211-c21\" class=\"h-swiper-arrow h-slider-navigation-arrow swiper-button-prev\">\n                      <div data-colibri-id=\"5211-c22\" class=\"h-icon style-481 style-local-5211-c22 position-relative h-element\">\n                        <!----><span class=\"h-svg-icon h-icon__icon style-481-icon style-local-5211-c22-icon\"><!--Icon by Font Awesome (https:\/\/fontawesome.com)-->\n    <svg version=\"1.1\" xmlns=\"http:\/\/www.w3.org\/2000\/svg\" xmlns:xlink=\"http:\/\/www.w3.org\/1999\/xlink\" id=\"chevron-left\" viewBox=\"0 0 1289.1823 1896.0833\">\n      <path d=\"M1171 301L640 832l531 531q19 19 19 45t-19 45l-166 166q-19 19-45 19t-45-19L173 877q-19-19-19-45t19-45L915 45q19-19 45-19t45 19l166 166q19 19 19 45t-19 45z\"><\/path>\n    <\/svg><\/span><\/div>\n                    <\/div>\n                  <\/div>\n                  <div data-colibri-id=\"5211-c23\" class=\"h-swiper-arrow__outer justify-content-lg-end justify-content-md-end justify-content-end align-items-lg-center align-items-md-center align-items-center style-482 style-local-5211-c23 position-relative h-element\">\n                    <!---->\n                    <div id=\"swiper-arrow__5211-c23\" class=\"h-swiper-arrow h-slider-navigation-arrow swiper-button-next\">\n                      <div data-colibri-id=\"5211-c24\" class=\"h-icon style-481 style-local-5211-c24 position-relative h-element\">\n                        <!----><span class=\"h-svg-icon h-icon__icon style-481-icon style-local-5211-c24-icon\"><!--Icon by Font Awesome (https:\/\/fontawesome.com)-->\n    <svg version=\"1.1\" xmlns=\"http:\/\/www.w3.org\/2000\/svg\" xmlns:xlink=\"http:\/\/www.w3.org\/1999\/xlink\" id=\"chevron-right\" viewBox=\"0 0 1280 1896.0833\">\n      <path d=\"M1107 877l-742 742q-19 19-45 19t-45-19l-166-166q-19-19-19-45t19-45l531-531-531-531q-19-19-19-45t19-45L275 45q19-19 45-19t45 19l742 742q19 19 19 45t-19 45z\"><\/path>\n    <\/svg><\/span><\/div>\n                    <\/div>\n                  <\/div>\n                <\/div>\n              <\/div>\n            <\/div>\n          <\/div>\n        <\/div>\n      <\/div>\n    <\/div>\n  <\/div>\n<\/div>","protected":false},"excerpt":{"rendered":"<p>Unsere Spezialit\u00e4t ist&nbsp;Polenta, die auf einem Holzfeuer gekocht&nbsp;wird und mit exzellentem Fleisch oder \u00fcberbacken mit Eiern, BergK\u00e4se oder Gorgonzola genossen werden kann. Wir haben auch eine gro\u00dfe Auswahl an lokalen [&hellip;]<\/p>\n","protected":false},"author":2,"featured_media":4939,"parent":0,"menu_order":0,"comment_status":"closed","ping_status":"closed","template":"page-templates\/full-width-page.php","meta":{"_monsterinsights_skip_tracking":false,"_monsterinsights_sitenote_active":false,"_monsterinsights_sitenote_note":"","_monsterinsights_sitenote_category":0},"_links":{"self":[{"href":"https:\/\/stallone.ch\/de\/wp-json\/wp\/v2\/pages\/5211"}],"collection":[{"href":"https:\/\/stallone.ch\/de\/wp-json\/wp\/v2\/pages"}],"about":[{"href":"https:\/\/stallone.ch\/de\/wp-json\/wp\/v2\/types\/page"}],"author":[{"embeddable":true,"href":"https:\/\/stallone.ch\/de\/wp-json\/wp\/v2\/users\/2"}],"replies":[{"embeddable":true,"href":"https:\/\/stallone.ch\/de\/wp-json\/wp\/v2\/comments?post=5211"}],"version-history":[{"count":5,"href":"https:\/\/stallone.ch\/de\/wp-json\/wp\/v2\/pages\/5211\/revisions"}],"predecessor-version":[{"id":7451,"href":"https:\/\/stallone.ch\/de\/wp-json\/wp\/v2\/pages\/5211\/revisions\/7451"}],"wp:featuredmedia":[{"embeddable":true,"href":"https:\/\/stallone.ch\/de\/wp-json\/wp\/v2\/media\/4939"}],"wp:attachment":[{"href":"https:\/\/stallone.ch\/de\/wp-json\/wp\/v2\/media?parent=5211"}],"curies":[{"name":"wp","href":"https:\/\/api.w.org\/{rel}","templated":true}]}}